{"id":12,"date":"2018-03-13T15:42:20","date_gmt":"2018-03-13T12:42:20","guid":{"rendered":"http:\/\/mikroislemciler.com\/?page_id=12"},"modified":"2023-10-27T12:36:04","modified_gmt":"2023-10-27T09:36:04","slug":"iar-ide-programi","status":"publish","type":"page","link":"https:\/\/mikroislemciler.com\/?page_id=12","title":{"rendered":"IAR IDE PROGRAMI"},"content":{"rendered":"<h3 style=\"text-align: left;\"><\/h3>\n<p style=\"text-align: left;\"><a href=\"https:\/\/drive.google.com\/file\/d\/1pzufXd7mIBn68PAgcA3kvFxp_FvnQkRy\/view?usp=sharing\" target=\"_blank\" rel=\"noopener noreferrer\"><span style=\"color: #008000;\">1. IAR (2010) program\u0131, kay\u0131t (lisans) istemeyen 2010 versiyonu<\/span><span style=\"color: #ff0000;\"> MSP430G5529 i\u015flemcisini ve Launchpad \u0131n ET versiyonunu tan\u0131m\u0131yor<\/span>.<\/a><\/p>\n<p><span style=\"color: #ff0000;\"><strong>2.IAR \u0131n 14 g\u00fcnl\u00fck deneme versiyonunu makinan\u0131za y\u00fcklemenizi tavsiye etmiyoruz.<\/strong><\/span><\/p>\n<p>Bu ders CCS ile anlat\u0131lacakt\u0131r.<a href=\"https:\/\/www.ti.com\/tool\/download\/CCSTUDIO\"> Indirmek i\u00e7in<\/a><\/p>\n<p>Y\u00fckleme esnas\u0131nda custom installation dan sadece en \u00fcstteki MSP430 opsiyonu yeterli.<\/p>\n","protected":false},"excerpt":{"rendered":"<p>1. IAR (2010) program\u0131, kay\u0131t (lisans) istemeyen 2010 versiyonu MSP430G5529 i\u015flemcisini ve Launchpad \u0131n ET versiyonunu tan\u0131m\u0131yor. 2.IAR \u0131n 14 g\u00fcnl\u00fck deneme versiyonunu makinan\u0131za y\u00fcklemenizi tavsiye etmiyoruz. Bu ders CCS ile anlat\u0131lacakt\u0131r. Indirmek i\u00e7in Y\u00fckleme esnas\u0131nda custom installation dan sadece en \u00fcstteki MSP430 opsiyonu yeterli.<\/p>\n","protected":false},"author":1,"featured_media":0,"parent":0,"menu_order":0,"comment_status":"closed","ping_status":"closed","template":"","meta":{"footnotes":""},"class_list":["post-12","page","type-page","status-publish","hentry"],"_links":{"self":[{"href":"https:\/\/mikroislemciler.com\/index.php?rest_route=\/wp\/v2\/pages\/12","targetHints":{"allow":["GET"]}}],"collection":[{"href":"https:\/\/mikroislemciler.com\/index.php?rest_route=\/wp\/v2\/pages"}],"about":[{"href":"https:\/\/mikroislemciler.com\/index.php?rest_route=\/wp\/v2\/types\/page"}],"author":[{"embeddable":true,"href":"https:\/\/mikroislemciler.com\/index.php?rest_route=\/wp\/v2\/users\/1"}],"replies":[{"embeddable":true,"href":"https:\/\/mikroislemciler.com\/index.php?rest_route=%2Fwp%2Fv2%2Fcomments&post=12"}],"version-history":[{"count":14,"href":"https:\/\/mikroislemciler.com\/index.php?rest_route=\/wp\/v2\/pages\/12\/revisions"}],"predecessor-version":[{"id":901,"href":"https:\/\/mikroislemciler.com\/index.php?rest_route=\/wp\/v2\/pages\/12\/revisions\/901"}],"wp:attachment":[{"href":"https:\/\/mikroislemciler.com\/index.php?rest_route=%2Fwp%2Fv2%2Fmedia&parent=12"}],"curies":[{"name":"wp","href":"https:\/\/api.w.org\/{rel}","templated":true}]}}