{"id":22,"date":"2018-03-14T08:55:47","date_gmt":"2018-03-14T05:55:47","guid":{"rendered":"http:\/\/mikroislemciler.com\/?page_id=22"},"modified":"2019-03-07T08:26:25","modified_gmt":"2019-03-07T05:26:25","slug":"msp430-dosyalari","status":"publish","type":"page","link":"https:\/\/mikroislemciler.com\/?page_id=22","title":{"rendered":"MSP430 dosyalar\u0131"},"content":{"rendered":"<p><a href=\"https:\/\/drive.google.com\/drive\/folders\/1b6c6wZf6ztrVteDthu006AjIPH_KUX2B?usp=sharing\">Bu dosya alt\u0131nda MSP430 Launchpad i\u00e7in gerekli \u00f6rnek kodlar\u0131 bulacaks\u0131n\u0131z<\/a><\/p>\n<p>&nbsp;<\/p>\n<p><span style=\"color: #ff6600;\"><a style=\"color: #ff6600;\" href=\"http:\/\/www.ti.com\/lit\/zip\/slac463\">MSP430G2231 \u00f6rnek kodlar, bu kodlar\u00a0 MSP430G2452 ve MSP430G2553 de de aynen \u00e7al\u0131\u015f\u0131r, sadece i\u015flemci tipini kulland\u0131\u011f\u0131n\u0131z i\u015flemci yap\u0131n (Yada MSP430G2231 yap\u0131n, IAR uyar\u0131 verirse dikkate almay\u0131n) <\/a><\/span><\/p>\n","protected":false},"excerpt":{"rendered":"<p>Bu dosya alt\u0131nda MSP430 Launchpad i\u00e7in gerekli \u00f6rnek kodlar\u0131 bulacaks\u0131n\u0131z &nbsp; MSP430G2231 \u00f6rnek kodlar, bu kodlar\u00a0 MSP430G2452 ve MSP430G2553 de de aynen \u00e7al\u0131\u015f\u0131r, sadece i\u015flemci tipini kulland\u0131\u011f\u0131n\u0131z i\u015flemci yap\u0131n (Yada MSP430G2231 yap\u0131n, IAR uyar\u0131 verirse dikkate almay\u0131n)<\/p>\n","protected":false},"author":1,"featured_media":0,"parent":0,"menu_order":0,"comment_status":"closed","ping_status":"closed","template":"","meta":{"footnotes":""},"class_list":["post-22","page","type-page","status-publish","hentry"],"_links":{"self":[{"href":"https:\/\/mikroislemciler.com\/index.php?rest_route=\/wp\/v2\/pages\/22","targetHints":{"allow":["GET"]}}],"collection":[{"href":"https:\/\/mikroislemciler.com\/index.php?rest_route=\/wp\/v2\/pages"}],"about":[{"href":"https:\/\/mikroislemciler.com\/index.php?rest_route=\/wp\/v2\/types\/page"}],"author":[{"embeddable":true,"href":"https:\/\/mikroislemciler.com\/index.php?rest_route=\/wp\/v2\/users\/1"}],"replies":[{"embeddable":true,"href":"https:\/\/mikroislemciler.com\/index.php?rest_route=%2Fwp%2Fv2%2Fcomments&post=22"}],"version-history":[{"count":3,"href":"https:\/\/mikroislemciler.com\/index.php?rest_route=\/wp\/v2\/pages\/22\/revisions"}],"predecessor-version":[{"id":322,"href":"https:\/\/mikroislemciler.com\/index.php?rest_route=\/wp\/v2\/pages\/22\/revisions\/322"}],"wp:attachment":[{"href":"https:\/\/mikroislemciler.com\/index.php?rest_route=%2Fwp%2Fv2%2Fmedia&parent=22"}],"curies":[{"name":"wp","href":"https:\/\/api.w.org\/{rel}","templated":true}]}}