{"id":454,"date":"2020-03-16T11:04:37","date_gmt":"2020-03-16T08:04:37","guid":{"rendered":"http:\/\/mikroislemciler.com\/?page_id=454"},"modified":"2020-04-06T19:32:04","modified_gmt":"2020-04-06T16:32:04","slug":"ders-videolari","status":"publish","type":"page","link":"https:\/\/mikroislemciler.com\/?page_id=454","title":{"rendered":"ders videolar\u0131"},"content":{"rendered":"<p>msp 430 ve IAR kullan\u0131m\u0131 <a href=\"https:\/\/ktuedutr-my.sharepoint.com\/:v:\/g\/personal\/ikaya_ktu_edu_tr\/EZuv6tNhW31KuuF-GlvBeYMBIgAuo5VTPjWZ7KGWzZMW4A?e=Qyd2IO\">(kurulum) #1<\/a><\/p>\n<p>msp430 ve IAR kullan\u0131m\u0131<a href=\"https:\/\/ktuedutr-my.sharepoint.com\/:v:\/g\/personal\/ikaya_ktu_edu_tr\/EQvIvotT6CxOpNDoBbOKh5sBUTlZrvav7exgjOersIFHaw?e=FYCdVI\"> (proje olu\u015fturma) #2<\/a><\/p>\n<p>msp430 ve IAR kullan\u0131m\u0131 <a href=\"https:\/\/ktuedutr-my.sharepoint.com\/:v:\/g\/personal\/ikaya_ktu_edu_tr\/EY4qyiRk3a1Cr-sLf-6Eo9oBIdcPMfKC3BTifSlav8OV2g?e=MuJgje\">(proje olu\u015fturma) #3<\/a><\/p>\n<p>sayisal giris cikis potlari <a href=\"https:\/\/ktuedutr-my.sharepoint.com\/:v:\/g\/personal\/ikaya_ktu_edu_tr\/EW3ntp24zxJDhU0slaNtbYgBrfz9KbW5OkeaXMBV9ZMx0Q?e=MWyl6M\">video #4<\/a><\/p>\n<p>sayisal giris cikis potlar\u0131 video <a href=\"https:\/\/ktuedutr-my.sharepoint.com\/:v:\/g\/personal\/ikaya_ktu_edu_tr\/Eb5B9Kiw2KFKp9zF_s7xZOEB0fCxpm47f_eSwFU2yCJD5g?e=O4LKgo\">ilavesi #41<\/a><\/p>\n<p>sayisal giris cikis portlari \u00f6rnek <a href=\"https:\/\/ktuedutr-my.sharepoint.com\/:v:\/g\/personal\/ikaya_ktu_edu_tr\/ETtGhxyQEw1MsyXrcnR4AX4BKRqIcpGo2CcBTyW1EgfDQQ?e=quOg5m\">program #42<\/a><\/p>\n<p>say\u0131sal giris c\u0131k\u0131s portlar\u0131 \u00f6rnek <a href=\"https:\/\/ktuedutr-my.sharepoint.com\/:v:\/g\/personal\/ikaya_ktu_edu_tr\/ETrFbIQrU4xMq-dRzdx4YJoBRxFe7NnalMf5PFc6ibZaWA?e=PtQEl9\">program #43<\/a><\/p>\n<p>interruptl\u0131 (kesmeli) \u00e7al\u0131\u015fma, <a href=\"https:\/\/ktuedutr-my.sharepoint.com\/:v:\/g\/personal\/ikaya_ktu_edu_tr\/EekWgAo2x5lFkBd_m6cnTn8BMm5i36ac0dugBclUfgHUSw?e=G9ZCOH\">video #5<\/a> (ders ve interruptl\u0131 cal\u0131sma \u00f6rne\u011fini birlikte yapt\u0131m, video a\u0131c\u0131k uzun oldu, \u00f6z\u00fcr dilerim, ekran\u0131n okunmas\u0131 gerekiyor, boyutu k\u00fc\u00e7\u00fclt\u00fcrsem okunmuyor.<\/p>\n<p>\u0130nterruptl\u0131 cal\u0131sma \u00f6rne\u011fi <a href=\"https:\/\/ktuedutr-my.sharepoint.com\/:u:\/g\/personal\/ikaya_ktu_edu_tr\/EX0TAzsyeGpFr1V0zFlcVdkBoto4fPSQG2PP9OQ5X_CwwA?e=VORpXy\">program<\/a><\/p>\n<p>interupt simulasyonu \u00f6rne\u011fi <a href=\"https:\/\/ktuedutr-my.sharepoint.com\/:v:\/g\/personal\/ikaya_ktu_edu_tr\/EfNE81kjCPdArHSZEEmLw5wBxT5cbTSdmky3NcNiEGnrPg?e=rCSlub\">video<\/a>\u00a0 ve <a href=\"https:\/\/ktuedutr-my.sharepoint.com\/:u:\/g\/personal\/ikaya_ktu_edu_tr\/EUE0M-bX2ZxBvKWJI5Qz50kBr1hpmtVFmmpEx7rRoCeFOQ?e=KLtNAf\">program<\/a> (programda P1IES olacak yere yanl\u0131\u015fl\u0131kla P1IFG yaz\u0131lm\u0131\u015ft\u0131 videoda onu d\u00fczelttim. Simulat\u00f6r hata vermeyince videoda d\u00fczeltemedim seyrederken anlad\u0131m. <a href=\"http:\/\/www.iarsys.co.jp\/products\/ew430-5401-infocenter\/tutor_interrupt_simulation.html\">Yararland\u0131\u011f\u0131m Kaynak\u00a0<\/a>23.03.2020<\/p>\n<p>&nbsp;<\/p>\n<p>adresleme modlar\u0131 1, kaydedici adresleme, indisli (indexli) adresleme, sembolik ve mutlak (absoulte mode) adresleme <a href=\"https:\/\/ktuedutr-my.sharepoint.com\/:v:\/g\/personal\/ikaya_ktu_edu_tr\/ESitNo67W0JJpK6VE7KHmQ8BEh0p9LbveZSrIzCQk1RRQQ?e=nurns8\">video 1<\/a><\/p>\n<p>adresleme modlar\u0131 2, endirekt (dolayl\u0131) adresleme, immediate (haz\u0131r yada sabit) adresleme <a href=\"https:\/\/ktuedutr-my.sharepoint.com\/:v:\/g\/personal\/ikaya_ktu_edu_tr\/EY2u9Kkf275GqkZgQWse554BW0RwMribnZg0HoODqMNcAQ?e=3DvWB7\">video 2<\/a><\/p>\n<p>indexli adresleme ve adc \u00f6rne\u011fi <a href=\"https:\/\/ktuedutr-my.sharepoint.com\/:v:\/g\/personal\/ikaya_ktu_edu_tr\/Ed0XHTn3xoZGlm5y57WWEw8Bmmb1aKHWhX8Txhu4zoT3oQ?e=BRPmDL\">video<\/a><\/p>\n<p>dolayl\u0131 (indirect) adresleme adc \u00f6rne\u011fi <a href=\"https:\/\/ktuedutr-my.sharepoint.com\/:v:\/g\/personal\/ikaya_ktu_edu_tr\/ESycU4_2OKhCr9qOr_Rznb8BVOkAwsglrilL-pi9io_5UQ?e=Gafeih\">video<\/a><\/p>\n<p>&nbsp;<\/p>\n<p><a href=\"https:\/\/ktuedutr-my.sharepoint.com\/:v:\/g\/personal\/ikaya_ktu_edu_tr\/EUrji_AL7HZKvWA0Z_KohucBH5O5mQDxJ1dNE36dCJBWZA?e=eTKJI8\">Assambly Programlamaya Giris, video:<\/a> Assambly emir tak\u0131mlar\u0131na bak\u0131\u015f, k\u0131saltmalar ve komutlar\u0131n obje kodlar\u0131na bak\u0131\u015f<\/p>\n<p><a href=\"https:\/\/ktuedutr-my.sharepoint.com\/:v:\/g\/personal\/ikaya_ktu_edu_tr\/EUwCsQGJ8XZLsLKq9tDKMlwBH3oLPiX_xsYzE4R_VGdT1Q?e=gTH4Sc\">Assambly Pro\u011framlama video 2:<\/a> ADC ve ADD komutu, dolayl\u0131 ve indexli adresleme<\/p>\n<p><a href=\"https:\/\/ktuedutr-my.sharepoint.com\/:v:\/g\/personal\/ikaya_ktu_edu_tr\/EXLNDZbeuK5BjPw9BeZ170EBij9FitRh2SbaYSAPlZmb0A?e=j4JilH\">Assambly Programlama video 3:<\/a> ortalama alma \u00f6rne\u011fi<\/p>\n<p>Assambly Programlama add <a href=\"https:\/\/ktuedutr-my.sharepoint.com\/:v:\/g\/personal\/ikaya_ktu_edu_tr\/ETnsNMFljw1IsrcDOEV_1NgB3QjAEgXFDq5MgP0lPtsaew?e=MxH3W0\">video<\/a><\/p>\n<p>Assambly programlama addc <a href=\"https:\/\/ktuedutr-my.sharepoint.com\/:v:\/g\/personal\/ikaya_ktu_edu_tr\/Ef3010kfpEdIiJisStlU-DUB0gIkf0VCmXreyyA5Ym4Yeg?e=KRWWVr\">video<\/a> <a href=\"https:\/\/ktuedutr-my.sharepoint.com\/:t:\/g\/personal\/ikaya_ktu_edu_tr\/EfDCji6bE5xCrYxnwoYfdeQB7tGAEmVkcFsA4xqA0FUNXQ?e=1HoZ7c\">text<\/a><\/p>\n<p>Assambly programlama and bis(or) xor<a href=\"https:\/\/ktuedutr-my.sharepoint.com\/:v:\/g\/personal\/ikaya_ktu_edu_tr\/EUS_fGLfzohLqJHJgh3U8doB6zVyon4_1t-oaUxoPlQjMA?e=6rAdoa\"> video <\/a><a href=\"https:\/\/ktuedutr-my.sharepoint.com\/:t:\/g\/personal\/ikaya_ktu_edu_tr\/ETYTMzSa1AxBl2Cs1e_LmV4BJO86w8CLaVkub_KD4xfkzQ?e=9mjFF6\">\u00a0 \u00a0 \u00a0 \u00a0 text<\/a><\/p>\n<p>Assambly Programlama, bis bic\u00a0 <a href=\"https:\/\/ktuedutr-my.sharepoint.com\/:v:\/g\/personal\/ikaya_ktu_edu_tr\/EYNMJ2FDZXxEuS8NoiDOU9cBvvC73i3Wj1rXjiPX0g6fcQ?e=Scg4x1\">video<\/a><\/p>\n<p>Assmably programlama bit<a href=\"https:\/\/ktuedutr-my.sharepoint.com\/:v:\/g\/personal\/ikaya_ktu_edu_tr\/EQi0Ie-Gr-xGmn7vniypzjcBn1OOVrcX6iBijua_fuRhSQ?e=IoxQqo\"> video<\/a> <a href=\"https:\/\/ktuedutr-my.sharepoint.com\/:u:\/g\/personal\/ikaya_ktu_edu_tr\/EfHzusgcC8dMlKIZCxAKZuUBNiU80euIDuyi4aFzjJ1Uxg?e=w0zLak\">text<\/a><\/p>\n","protected":false},"excerpt":{"rendered":"<p>msp 430 ve IAR kullan\u0131m\u0131 (kurulum) #1 msp430 ve IAR kullan\u0131m\u0131 (proje olu\u015fturma) #2 msp430 ve IAR kullan\u0131m\u0131 (proje olu\u015fturma) #3 sayisal giris cikis potlari video #4 sayisal giris cikis potlar\u0131 video ilavesi #41 sayisal giris cikis portlari \u00f6rnek program #42 say\u0131sal giris c\u0131k\u0131s portlar\u0131 \u00f6rnek program #43 interruptl\u0131 (kesmeli) \u00e7al\u0131\u015fma, video #5 (ders ve [&hellip;]<\/p>\n","protected":false},"author":1,"featured_media":0,"parent":0,"menu_order":0,"comment_status":"closed","ping_status":"closed","template":"","meta":{"footnotes":""},"class_list":["post-454","page","type-page","status-publish","hentry"],"_links":{"self":[{"href":"https:\/\/mikroislemciler.com\/index.php?rest_route=\/wp\/v2\/pages\/454","targetHints":{"allow":["GET"]}}],"collection":[{"href":"https:\/\/mikroislemciler.com\/index.php?rest_route=\/wp\/v2\/pages"}],"about":[{"href":"https:\/\/mikroislemciler.com\/index.php?rest_route=\/wp\/v2\/types\/page"}],"author":[{"embeddable":true,"href":"https:\/\/mikroislemciler.com\/index.php?rest_route=\/wp\/v2\/users\/1"}],"replies":[{"embeddable":true,"href":"https:\/\/mikroislemciler.com\/index.php?rest_route=%2Fwp%2Fv2%2Fcomments&post=454"}],"version-history":[{"count":34,"href":"https:\/\/mikroislemciler.com\/index.php?rest_route=\/wp\/v2\/pages\/454\/revisions"}],"predecessor-version":[{"id":491,"href":"https:\/\/mikroislemciler.com\/index.php?rest_route=\/wp\/v2\/pages\/454\/revisions\/491"}],"wp:attachment":[{"href":"https:\/\/mikroislemciler.com\/index.php?rest_route=%2Fwp%2Fv2%2Fmedia&parent=454"}],"curies":[{"name":"wp","href":"https:\/\/api.w.org\/{rel}","templated":true}]}}