{"id":5,"date":"2018-03-13T14:52:51","date_gmt":"2018-03-13T11:52:51","guid":{"rendered":"http:\/\/mikroislemciler.com\/?page_id=5"},"modified":"2022-12-29T08:26:34","modified_gmt":"2022-12-29T05:26:34","slug":"ders-notlari","status":"publish","type":"page","link":"https:\/\/mikroislemciler.com\/?page_id=5","title":{"rendered":"DERS NOTLARI"},"content":{"rendered":"<p>DERS NOTLARI<\/p>\n<p><a href=\"https:\/\/drive.google.com\/drive\/folders\/1d_W6FHcMhy1JWEcmxTVWhiYJg7kIuvqW?usp=sharing\" target=\"_blank\" rel=\"noopener noreferrer\">Kaynak Kitaplar<\/a><\/p>\n<p><a href=\"https:\/\/drive.google.com\/drive\/folders\/1rvlX1H8LAKi88JQGiJ5I_TEycACYbU0-?usp=sharing\" target=\"_blank\" rel=\"noopener noreferrer\">Ders Notlar\u0131<\/a><\/p>\n<p><a href=\"https:\/\/drive.google.com\/drive\/folders\/1TVDPQUpbTe5Q1X_PfsL6ld0SqBOhLuW5?usp=share_link\">Geni\u015fletilmi\u015f Ders Notlar\u0131<\/a><\/p>\n<p><a href=\"https:\/\/drive.google.com\/open?id=1w6QZn_vmoIDiIsQItHGdT6MUbKad-Hfo\"><span style=\"color: #ff00ff;\"><em><strong>Son ders notlar\u0131, memory connection etc,<\/strong><\/em><\/span><\/a><\/p>\n<p><span style=\"color: #ff00ff;\"><a style=\"color: #ff00ff;\" href=\"https:\/\/drive.google.com\/file\/d\/1QB6ZkBbVJPF_g17VMCTNB9eoYdC9zymZ\/view?usp=sharing\"><strong><em>Seri Haberle\u015fme sunum dosyas\u0131<\/em><\/strong><\/a><\/span><\/p>\n","protected":false},"excerpt":{"rendered":"<p>DERS NOTLARI Kaynak Kitaplar Ders Notlar\u0131 Geni\u015fletilmi\u015f Ders Notlar\u0131 Son ders notlar\u0131, memory connection etc, Seri Haberle\u015fme sunum dosyas\u0131<\/p>\n","protected":false},"author":1,"featured_media":0,"parent":0,"menu_order":0,"comment_status":"closed","ping_status":"closed","template":"","meta":{"footnotes":""},"class_list":["post-5","page","type-page","status-publish","hentry"],"_links":{"self":[{"href":"https:\/\/mikroislemciler.com\/index.php?rest_route=\/wp\/v2\/pages\/5","targetHints":{"allow":["GET"]}}],"collection":[{"href":"https:\/\/mikroislemciler.com\/index.php?rest_route=\/wp\/v2\/pages"}],"about":[{"href":"https:\/\/mikroislemciler.com\/index.php?rest_route=\/wp\/v2\/types\/page"}],"author":[{"embeddable":true,"href":"https:\/\/mikroislemciler.com\/index.php?rest_route=\/wp\/v2\/users\/1"}],"replies":[{"embeddable":true,"href":"https:\/\/mikroislemciler.com\/index.php?rest_route=%2Fwp%2Fv2%2Fcomments&post=5"}],"version-history":[{"count":8,"href":"https:\/\/mikroislemciler.com\/index.php?rest_route=\/wp\/v2\/pages\/5\/revisions"}],"predecessor-version":[{"id":866,"href":"https:\/\/mikroislemciler.com\/index.php?rest_route=\/wp\/v2\/pages\/5\/revisions\/866"}],"wp:attachment":[{"href":"https:\/\/mikroislemciler.com\/index.php?rest_route=%2Fwp%2Fv2%2Fmedia&parent=5"}],"curies":[{"name":"wp","href":"https:\/\/api.w.org\/{rel}","templated":true}]}}