{"id":538,"date":"2020-10-09T11:04:05","date_gmt":"2020-10-09T08:04:05","guid":{"rendered":"http:\/\/mikroislemciler.com\/?page_id=538"},"modified":"2025-12-14T15:00:29","modified_gmt":"2025-12-14T12:00:29","slug":"sayisal-iletisim-dersi","status":"publish","type":"page","link":"https:\/\/mikroislemciler.com\/?page_id=538","title":{"rendered":"Say\u0131sal \u0130leti\u015fim Dersi ve Laboratuvar\u0131"},"content":{"rendered":"<p><span style=\"color: #800080;\"><a style=\"color: #800080;\" href=\"https:\/\/docs.google.com\/document\/d\/1SpVHSLiADWj-GpAxVWGkzkDVyykC-rd5\/edit?usp=sharing&amp;ouid=116295155853577977028&amp;rtpof=true&amp;sd=true\">Deneylere Kay\u0131t G\u00fcz 2023<\/a><\/span><span style=\"color: #0000ff;\"><br \/><\/span><\/p>\n<p>Deney Notlar\u0131 %20 + Aras\u0131nav\u00a0 %30 son nota katk\u0131 yapacakt\u0131r.<\/p>\n<p><a href=\"https:\/\/drive.google.com\/file\/d\/1BaRqkpan1yslxo261IKoip3_R-QWsgOj\/view?usp=sharing\">Deney 1 GNU Radio Say\u0131sal Modulasyon<\/a><\/p>\n<p><a href=\"https:\/\/drive.google.com\/file\/d\/1GWN-FMHT1cm3syAVgSTmzm9MW3PObbtl\/view?usp=share_link\">Deney 2 GNU Radio FM Verici Al\u0131c\u0131<\/a><\/p>\n<p><del><a href=\"https:\/\/drive.google.com\/file\/d\/1-tSxqik9XybqmH9PWwJUCQH2qVZXSaLa\/view?usp=sharing\">Deney 3 Say\u0131sal Modulasyon Demodulasyon<\/a><\/del> <a href=\"https:\/\/drive.google.com\/file\/d\/1xYH10h4NSKLyG60tpqWzPONE_dR7-Ytb\/view?usp=sharing\">Deney 3 Yeilenmi\u015f F\u00f6y<\/a><\/p>\n<p><a href=\"https:\/\/drive.google.com\/file\/d\/1v6knsJxwSxJtTi33eBOq8W_qhFe70JYJ\/view?usp=sharing\">Deney 4. Say\u0131sal Haberle\u015fme Matlab Simulat\u00f6r\u00fc<\/a><\/p>\n<p><a href=\"https:\/\/drive.google.com\/drive\/folders\/1xwiqMKhHUF2Bh7gPdHZnGhCgPVwYr3HD?usp=sharing\">Ders Notlar\u0131\u00a0<\/a><\/p>\n\n\n<p><a href=\"https:\/\/drive.google.com\/file\/d\/16AuDIHlNMIntspg06IrPdiw3Qnj8ldgx\/view?usp=sharing\">Monte_Carlo Simulation<\/a><\/p>\n\n\n\n<p><a href=\"https:\/\/drive.google.com\/file\/d\/1vkwJKW9NRgI-E5yoAHE0GTo-R89mLEhb\/view?usp=sharing\">Kalibrate-Hackrf<\/a><\/p>\n","protected":false},"excerpt":{"rendered":"<p>Deneylere Kay\u0131t G\u00fcz 2023 Deney Notlar\u0131 %20 + Aras\u0131nav\u00a0 %30 son nota katk\u0131 yapacakt\u0131r. Deney 1 GNU Radio Say\u0131sal Modulasyon Deney 2 GNU Radio FM Verici Al\u0131c\u0131 Deney 3 Say\u0131sal Modulasyon Demodulasyon Deney 3 Yeilenmi\u015f F\u00f6y Deney 4. Say\u0131sal Haberle\u015fme Matlab Simulat\u00f6r\u00fc Ders Notlar\u0131\u00a0 Monte_Carlo Simulation Kalibrate-Hackrf<\/p>\n","protected":false},"author":1,"featured_media":0,"parent":0,"menu_order":0,"comment_status":"closed","ping_status":"closed","template":"fullwidth.php","meta":{"footnotes":""},"class_list":["post-538","page","type-page","status-publish","hentry"],"_links":{"self":[{"href":"https:\/\/mikroislemciler.com\/index.php?rest_route=\/wp\/v2\/pages\/538","targetHints":{"allow":["GET"]}}],"collection":[{"href":"https:\/\/mikroislemciler.com\/index.php?rest_route=\/wp\/v2\/pages"}],"about":[{"href":"https:\/\/mikroislemciler.com\/index.php?rest_route=\/wp\/v2\/types\/page"}],"author":[{"embeddable":true,"href":"https:\/\/mikroislemciler.com\/index.php?rest_route=\/wp\/v2\/users\/1"}],"replies":[{"embeddable":true,"href":"https:\/\/mikroislemciler.com\/index.php?rest_route=%2Fwp%2Fv2%2Fcomments&post=538"}],"version-history":[{"count":28,"href":"https:\/\/mikroislemciler.com\/index.php?rest_route=\/wp\/v2\/pages\/538\/revisions"}],"predecessor-version":[{"id":1120,"href":"https:\/\/mikroislemciler.com\/index.php?rest_route=\/wp\/v2\/pages\/538\/revisions\/1120"}],"wp:attachment":[{"href":"https:\/\/mikroislemciler.com\/index.php?rest_route=%2Fwp%2Fv2%2Fmedia&parent=538"}],"curies":[{"name":"wp","href":"https:\/\/api.w.org\/{rel}","templated":true}]}}