{"id":574,"date":"2020-12-18T14:12:00","date_gmt":"2020-12-18T11:12:00","guid":{"rendered":"http:\/\/mikroislemciler.com\/?page_id=574"},"modified":"2021-01-20T11:54:18","modified_gmt":"2021-01-20T08:54:18","slug":"sayisal-iletisim-dersi-laboratuvari","status":"publish","type":"page","link":"https:\/\/mikroislemciler.com\/?page_id=574","title":{"rendered":"Say\u0131sal \u0130leti\u015fim Dersi Laboratuvar\u0131"},"content":{"rendered":"<p><a href=\"http:\/\/mikroislemciler.com\/?page_id=609\">DENEY 1 sayfas\u0131<\/a><\/p>\n<p><a href=\"http:\/\/mikroislemciler.com\/?page_id=631\">DENEY 2 sayfas\u0131<\/a><\/p>\n<p><a href=\"https:\/\/drive.google.com\/file\/d\/16_uR88I-DRk8ORE-ZTQ2peqwWxGgDT7m\/view?usp=sharing\"><em><strong><span style=\"color: #0000ff;\">Deney 3 bir demo <\/span><\/strong><\/em><span style=\"color: #0000ff;\"><span style=\"color: #ff0000;\">dene<\/span><\/span><span style=\"color: #0000ff;\"><span style=\"color: #ff00ff;\">y<\/span><\/span><em><strong><span style=\"color: #0000ff;\">i<\/span><\/strong><\/em><\/a><em><strong><span style=\"color: #0000ff;\">dir<\/span><\/strong><\/em>, deneyin sunulmas\u0131nda g\u00f6zlemlenen i\u015flemler raporlanacakt\u0131r. Bu deney Raspery PI kadar karma\u015f\u0131k olmayan ancak Ardunio dan \u00e7ok daha yetenekli olan STM32 i\u015flemcilerini \u00f6\u011frencilerin nas\u0131l kullanabilece\u011fini anlatmaktad\u0131r. Son d\u00f6nem STM32 Nucleo bordlar\u0131 da Ardunio uyumlu oldu\u011fundan bu deneyin \u00f6\u011frenciye yararl\u0131 olaca\u011f\u0131 d\u00fc\u015f\u00fcn\u00fclm\u00fc\u015ft\u00fcr.<\/p>\n<p><span style=\"color: #0000ff;\"><em><strong>Deney 4 bir \u00f6dev deneyidir.<\/strong> <\/em><\/span>Burada GNURadio da bulunan modulat\u00f6rlerin ayn\u0131 tip al\u00e7ak ge\u00e7iren filtreye sahip olmas\u0131 durumunda spektrumlar\u0131 \u00e7\u0131kart\u0131lacakt\u0131r. Burada yap\u0131lan i\u015flemlere bir<a href=\"https:\/\/drive.google.com\/file\/d\/1z2Aejl0M3i3Wes-7bM7EwxMdEcKdJxn_\/view?usp=sharing\"> \u00f6rnek<\/a> \u015fekilde verilmi\u015ftir. \u00d6\u011frencilerden GMSK, PSK, 8PSK, constellation modulator kullanarak, 4 QAM, 16 QAM modulasyonlar\u0131n\u0131n spektrum diyagramlar\u0131n\u0131 ayn\u0131 graf ta ancak constellation diyagramlar\u0131n\u0131 ayr\u0131 ayr\u0131 \u00e7\u0131karan bir program istenmektedir. Verilen \u00f6rnekte GMSK ve di\u011fer mdo\u00fclasyonlar i\u00e7in kullan\u0131lan Random Veri \u00fcretecinin neden fark\u0131l oldu\u011funu bulunuz. Bu i\u015fleme dikkat ediniz.<\/p>\n<p><a href=\"https:\/\/www.gnuradio.org\/\">Laboratuvar Uygulamalar\u0131 GNURadio ile yap\u0131lacakt\u0131r.<\/a><\/p>\n<p>GNU Radyoyu nas\u0131l indirip makinan\u0131za kuraca\u011f\u0131n\u0131z, <a href=\"https:\/\/wiki.gnuradio.org\/index.php\/InstallingGR\">Y\u00fckleme sayfas\u0131nda\u00a0<\/a> a\u00e7\u0131klanmaktad\u0131r.<\/p>\n<p>E\u011fer kurulumunuz do\u011fru ise <a href=\"https:\/\/drive.google.com\/file\/d\/1ExlgOUi3Q8OYa6KOUi_y7F5ffhod3djw\/view?usp=sharing\">linkten<\/a> yada <a href=\"https:\/\/drive.google.com\/file\/d\/1D_9ob7EewuuPk5eQ7hsRiKvAZv1pevAs\/view?usp=sharing\">linkten<\/a> indirece\u011finiz k\u00fc\u00e7\u00fck grc (<em>grc dosyas\u0131n\u0131n oldu\u011fu linke gelip sa\u011f tu\u015fla<\/em> save as<em> opsiyonu ile dosyay\u0131 bildi\u011finiz bir yere kaydedin ve bu dosyay\u0131 GNURadio Companion pro\u011fram\u0131ndan a\u00e7\u0131n<\/em>) dosyalar\u0131 \u00e7al\u0131\u015facakt\u0131r. <strong>HER \u015eEYDEN \u00d6NCE<\/strong> baz\u0131 ders videolar\u0131n\u0131 incelemeniz gerekir. (<a href=\"http:\/\/Using GNU Radio Companion Part 1 - YouTube\">giri\u015f 1<\/a>)(<a href=\"https:\/\/www.google.com\/url?sa=t&amp;rct=j&amp;q=&amp;esrc=s&amp;source=video&amp;cd=&amp;cad=rja&amp;uact=8&amp;ved=2ahUKEwjk9urSvdftAhUOHHcKHQPLDmkQtwIwAXoECAAQAg&amp;url=https%3A%2F%2Fhackaday.com%2F2015%2F11%2F11%2Fgetting-started-with-gnu-radio%2F&amp;usg=AOvVaw1ekari-rkgwHNE9XfNqQ29\">giri\u015f 2<\/a>)<\/p>\n<p><span style=\"color: #ff0000;\"><strong>E\u011fer uygulama windows ta \u00e7al\u0131\u015fm\u0131yor yada makinan\u0131z \u00e7ok dolu ise yada\u00a0uygulamay\u0131 makinan\u0131za krumakta ve \u00e7al\u0131\u015ft\u0131rmakta problem ya\u015f\u0131yorsan\u0131z<\/strong><\/span>.En iyi ve mutlak \u00e7al\u0131\u015fan alternatif <a href=\"https:\/\/github.com\/pbatard\/rufus\/releases\/download\/v3.13\/rufus-3.13.exe\">RUFUS<\/a> ile <a href=\"https:\/\/www.pentoo.ch\/\">PENTOO<\/a> yu bir USB diske bootable USB disk olarak saklamak en sa\u011flam \u00e7\u00f6z\u00fcmd\u00fcr(<a href=\"https:\/\/www.youtube.com\/results?search_query=how+to+use+RUFUS\">videolar<\/a>), Z\u0130RA PENTOO GNURADIO NUN SON S\u00dcR\u00dcM\u00dc Y\u00dcKLENM\u0130\u015e OLARAK GEL\u0130R. Pentoo kullan\u0131rken<\/p>\n<p>A.\u00a0 Pentoo yu download ederken 32 bitlik\u00a0 makinalarda ko\u015fmak i\u00e7in <a href=\"https:\/\/pentoo.ch\/isos\/daily-autobuilds\/Pentoo_x86_hardened\/\"><strong>Pentoo x86 hardened \/ version: 2020.0_p20201214<\/strong><\/a><\/p>\n<p>B. Pentoo yu 64 bitlik makinalarda ko\u015fmak i\u00e7in <a href=\"https:\/\/pentoo.ch\/isos\/daily-autobuilds\/Pentoo_amd64_hardened\/\"><strong>Pentoo amd64 hardened \/ version: 2020.0_p20201214 <\/strong><\/a>versiyonu indirmeniz \u00f6nerilir.<\/p>\n<ol>\n<li>Bilgisayar\u0131n\u0131z\u0131n a\u00e7\u0131l\u0131rken USB boot opsiyonu ile USB den boot yapmas\u0131 gerekir. Bunun i\u00e7in bilgisayar\u0131n\u0131z\u0131n a\u00e7\u0131l\u0131\u015fta nas\u0131l bir i\u015flemle ba\u015flat\u0131lmas\u0131 gereki\u011fi <a href=\"https:\/\/www.youtube.com\/results?search_query=how+to+boot+your+pc+from+USB\">video(lar)da<\/a> anlat\u0131lmaktad\u0131r.<\/li>\n<li>Pentoo ya \u015fifre verirken alt cursor lu bir sifre vermeniz gerekir <strong>abcd_1234<\/strong> gibi<\/li>\n<li>USB diskinizde yapt\u0131klar\u0131n\u0131z\u0131n kalmas\u0131 i\u00e7in masa \u00fcst\u00fcnde bir terminal a\u00e7\u0131lma\u0131l ve terminalde &#8220;<strong>sudo flushchanges<\/strong>&#8221; komut yaz\u0131l\u0131p onaylanmal\u0131d\u0131r.<\/li>\n<li>E\u011fer bilgisayar\u0131n\u0131za virtualbox a yada VMware ye pentoo yu kurmak isterseniz. bu sanal makinaya yukarda indirdi\u011finiz pentoo iso dosyas\u0131n\u0131 LiveCD gibi g\u00f6sterdi\u011finizde bu LiveCD den sanal makinada pentoo a\u00e7\u0131lacakt\u0131r. LiveCd de kullan\u0131c\u0131 &#8220;pentoo&#8221; iken abcd_1234 gibi password veriniz.<\/li>\n<li>sanal makinada pentoo a\u00e7\u0131ld\u0131\u011f\u0131nda bu makinaya pentoo yu kurmak isterseniz, pento installer i \u00e7al\u0131\u015ft\u0131rabilirsiniz. AMA \u00d6NCE MASA\u00dcST\u00dcNDEB\u0130R TERM\u0130NALDE A\u015eA\u011eIDAK\u0130 KOMUTLARI KO\u015eTURMANIZ GEREKMEKTED\u0130R.\u00a0\u00a0\u00a0\u00a0\u00a0 \u00d6nce START NETWORK MENAGER \u00a0 ikonunu t\u0131klayarak makinay\u0131 a\u011fa ba\u011flay\u0131n, sonra terminali a\u00e7\u0131p a\u015fa\u011f\u0131daki komutlar\u0131 ko\u015fabilirsiniz.<\/li>\n<\/ol>\n<p>sudo emerge &#8211;sync<br \/>\nsudo emerge -1 pentoo-installer<\/p>\n<p>6. sonra pentoo installer ile do\u011fru zaman ve yer bildirimlerini ayarlayarak kurulumu yap\u0131n<\/p>\n<p><strong><em>root passwordunu<\/em><\/strong><\/p>\n<p><strong><em>kullan\u0131c\u0131 ad\u0131 ve passwordunu ayarlay\u0131n<\/em><\/strong><\/p>\n<p>en sonunda bootloader kurulumu yap\u0131ld\u0131ktan sonra bir \u00f6nceki ad\u0131m hatal\u0131 deyip sizi geri d\u00f6nd\u00fcrecektir. Buradan Cancel ile \u00e7\u0131k\u0131n, son ad\u0131m\u0131 abort etmek kuruluma zarar vermemektedir.<\/p>\n<p>7. Kurulum yap\u0131ld\u0131ktan sonra sanal makina ayarlar\u0131ndan storage(bellekteki) da g\u00f6z\u00fcken LiveCD dosyas\u0131 ad\u0131n\u0131 kald\u0131r\u0131n, yoksa hep liveCD den makinay\u0131 ba\u015flatacakt\u0131r.<\/p>\n<p>8. Sanal makinada pentooyu \u00e7al\u0131\u015ft\u0131r\u0131n, bu kez kendi kullan\u0131c\u0131 ad\u0131 ve password ile giri\u015finiz m\u00fcmk\u00fcn olacakt\u0131r.<\/p>\n<p>Masa\u00fcst\u00fcn\u00fc <strong>startx yazarak a\u00e7\u0131n, settings ten keybord, Display gibi ayarlar yapabilirsiniz ancak, a\u011fa ba\u011flanmak i\u00e7in bir terminalde a\u015fa\u011f\u0131daki komutlar\u0131 yazman\u0131z gerekmektedir.<\/strong><\/p>\n<p>sudo rc-update add NetworkManager<br \/>\nsudo \/etc\/init.d\/NetworkManager restart<\/p>\n<p>&nbsp;<\/p>\n<p>Unutmay\u0131n Pentoo gentoo altyap\u0131s\u0131 ile \u00e7al\u0131\u015fan bir LINUX kurulumudur. T\u00fcrkiye de sizden \u00f6nce bu kurulumu ba\u015far\u0131 ile yapabilen belkide yoktur.Bak<\/p>\n<p><a href=\"https:\/\/github.com\/pentoo\/pentoo-livecd\/issues\/44\">https:\/\/github.com\/pentoo\/pentoo-livecd\/issues\/44<\/a><\/p>\n<p>Hasan Yavuz \u00d6zderya benim \u00f6\u011frencim.<\/p>\n<p>&nbsp;<\/p>\n<p>NOT: GNURADIO KULLANIMI \u0130\u00c7\u0130N YUKARIDA A\u00c7IKLANANLAR B\u0130R \u00d6NER\u0130D\u0130R. KEND\u0130M\u0130N BULDU\u011eU \u00c7\u00d6Z\u00dcM, Oracle-VM sanal makinas\u0131na UBUNTUkurup UBUNTU ya GNURadio yu y\u00fcklemektir, Benim makinadaki windows a GNU radio bir ka\u00e7 kez kurulup kald\u0131r\u0131ld\u0131, art\u0131k d\u00fczg\u00fcn \u00e7al\u0131\u015fm\u0131yor. Pentoo yo OracleVM ye ben kuramad\u0131m, belle\u011fim yetmedi,<\/p>\n","protected":false},"excerpt":{"rendered":"<p>DENEY 1 sayfas\u0131 DENEY 2 sayfas\u0131 Deney 3 bir demo deneyidir, deneyin sunulmas\u0131nda g\u00f6zlemlenen i\u015flemler raporlanacakt\u0131r. Bu deney Raspery PI kadar karma\u015f\u0131k olmayan ancak Ardunio dan \u00e7ok daha yetenekli olan STM32 i\u015flemcilerini \u00f6\u011frencilerin nas\u0131l kullanabilece\u011fini anlatmaktad\u0131r. Son d\u00f6nem STM32 Nucleo bordlar\u0131 da Ardunio uyumlu oldu\u011fundan bu deneyin \u00f6\u011frenciye yararl\u0131 olaca\u011f\u0131 d\u00fc\u015f\u00fcn\u00fclm\u00fc\u015ft\u00fcr. Deney 4 bir \u00f6dev [&hellip;]<\/p>\n","protected":false},"author":1,"featured_media":0,"parent":538,"menu_order":1,"comment_status":"closed","ping_status":"closed","template":"","meta":{"footnotes":""},"class_list":["post-574","page","type-page","status-publish","hentry"],"_links":{"self":[{"href":"https:\/\/mikroislemciler.com\/index.php?rest_route=\/wp\/v2\/pages\/574","targetHints":{"allow":["GET"]}}],"collection":[{"href":"https:\/\/mikroislemciler.com\/index.php?rest_route=\/wp\/v2\/pages"}],"about":[{"href":"https:\/\/mikroislemciler.com\/index.php?rest_route=\/wp\/v2\/types\/page"}],"author":[{"embeddable":true,"href":"https:\/\/mikroislemciler.com\/index.php?rest_route=\/wp\/v2\/users\/1"}],"replies":[{"embeddable":true,"href":"https:\/\/mikroislemciler.com\/index.php?rest_route=%2Fwp%2Fv2%2Fcomments&post=574"}],"version-history":[{"count":30,"href":"https:\/\/mikroislemciler.com\/index.php?rest_route=\/wp\/v2\/pages\/574\/revisions"}],"predecessor-version":[{"id":682,"href":"https:\/\/mikroislemciler.com\/index.php?rest_route=\/wp\/v2\/pages\/574\/revisions\/682"}],"up":[{"embeddable":true,"href":"https:\/\/mikroislemciler.com\/index.php?rest_route=\/wp\/v2\/pages\/538"}],"wp:attachment":[{"href":"https:\/\/mikroislemciler.com\/index.php?rest_route=%2Fwp%2Fv2%2Fmedia&parent=574"}],"curies":[{"name":"wp","href":"https:\/\/api.w.org\/{rel}","templated":true}]}}