{"id":609,"date":"2020-12-26T12:27:24","date_gmt":"2020-12-26T09:27:24","guid":{"rendered":"http:\/\/mikroislemciler.com\/?page_id=609"},"modified":"2021-12-24T08:30:31","modified_gmt":"2021-12-24T05:30:31","slug":"deney-1","status":"publish","type":"page","link":"https:\/\/mikroislemciler.com\/?page_id=609","title":{"rendered":"DENEY 5"},"content":{"rendered":"<p>Bu deneyde GNURADIO ile wav dosyas\u0131na kay\u0131t ve wav dosyas\u0131na kay\u0131tl\u0131 sink ve source uygulamas\u0131 yap\u0131lacakt\u0131r.<\/p>\n<p>1. audio source (pc nizin mikrofonu) blo\u011fundan gelen veri alt ve \u00fcst kesim frekanslar\u0131 ayarlanabilen bir bant ge\u00e7iren filtreden ge\u00e7irilerek bir wav dosyas\u0131na kaydedilecektir.<\/p>\n<p>a. alt kesim frekans\u0131 ayar\u0131 (Qt Range ile) min 100, max 600 ve tipik 150 Hz olacak<\/p>\n<p>b. \u00fcst kesim frekans\u0131 ayar\u0131 (Qt Range ile) min 300, max 10000 ve tipik 1500 Hz olacak<\/p>\n<p>bu k\u0131sm\u0131 deney51.grc olarak saklay\u0131n. Bu sistemin \u00e7al\u0131\u015fmas\u0131n\u0131 raporlay\u0131n, foto screen capture vs ile.<\/p>\n<p>2. kaydetti\u011finiz dosya yada baska bir wav dosyas\u0131 wav file source blo\u011fu ile okunacak ve yukar\u0131daki filitreden ge\u00e7irilerek audo sink ten dinlenecek, veya time sink veya frequency sink ten g\u00f6zlemlenecektir.<\/p>\n<p>bu dosyay\u0131 deney52.grc olarak kaydediniz.Bu sistemin \u00e7al\u0131\u015fmas\u0131n\u0131 raporlay\u0131n, foto screen capture vs ile.<\/p>\n<p>3. mikrofondan veya bir wav dosyas\u0131ndan gelen bir sesin 300-500 Hz aral\u0131klar\u0131n\u0131, 500-1500 Hz aral\u0131klar\u0131n\u0131, 1500 ve yukar\u0131 frekanslar\u0131n \u00e7\u0131k\u0131\u015fa verilen genliklerini ayr\u0131 ayr\u0131 ayarlamaya yarayan (bir \u00e7e\u015fit tone ayar\u0131) yapan QT GUI yi tasarlay\u0131n\u0131z.<\/p>\n<p>bu dosyay\u0131 deney53.grc olarak kaydediniz. Bu sistemin \u00e7al\u0131\u015fmas\u0131n\u0131 raporlay\u0131n, foto screen capture vs ile.<\/p>\n<p><strong>Yukar\u0131daki ger\u00e7ekle\u015ftirdi\u011finiz deneylerden g\u00f6zlemlerinizi ve resimleri bir word dosyas\u0131nda raporlay\u0131n\u0131z.<\/strong><\/p>\n<p><strong>Raporlar\u0131n\u0131z size \u00f6zg\u00fcn olmal\u0131d\u0131r, raporlar\u0131n\u0131z\u0131 bir ba\u015fkas\u0131 ile not almadan payla\u015fmay\u0131n\u0131z.<\/strong><\/p>\n<p>Haz\u0131rlad\u0131\u011f\u0131n\u0131z raporu en k\u0131sa s\u00fcrede (en ge\u00e7 bir hafta i\u00e7inde)<\/p>\n<p>ikaya@ktu.edu.tr\u00a0 adresine konu olarak, say\u0131sal ileti\u015fim Ismail Kaya Deney 5 raporu gibi konu ba\u015fl\u0131\u011f\u0131 ve attachments lerle g\u00f6nderiniz.<\/p>\n<p><span style=\"color: #33cccc;\">Bu raporu 31 Aral\u0131k 2021 tarihine kadar yazabilirsiniz.<\/span><\/p>\n","protected":false},"excerpt":{"rendered":"<p>Bu deneyde GNURADIO ile wav dosyas\u0131na kay\u0131t ve wav dosyas\u0131na kay\u0131tl\u0131 sink ve source uygulamas\u0131 yap\u0131lacakt\u0131r. 1. audio source (pc nizin mikrofonu) blo\u011fundan gelen veri alt ve \u00fcst kesim frekanslar\u0131 ayarlanabilen bir bant ge\u00e7iren filtreden ge\u00e7irilerek bir wav dosyas\u0131na kaydedilecektir. a. alt kesim frekans\u0131 ayar\u0131 (Qt Range ile) min 100, max 600 ve tipik 150 [&hellip;]<\/p>\n","protected":false},"author":1,"featured_media":0,"parent":574,"menu_order":0,"comment_status":"closed","ping_status":"closed","template":"","meta":{"footnotes":""},"class_list":["post-609","page","type-page","status-publish","hentry"],"_links":{"self":[{"href":"https:\/\/mikroislemciler.com\/index.php?rest_route=\/wp\/v2\/pages\/609","targetHints":{"allow":["GET"]}}],"collection":[{"href":"https:\/\/mikroislemciler.com\/index.php?rest_route=\/wp\/v2\/pages"}],"about":[{"href":"https:\/\/mikroislemciler.com\/index.php?rest_route=\/wp\/v2\/types\/page"}],"author":[{"embeddable":true,"href":"https:\/\/mikroislemciler.com\/index.php?rest_route=\/wp\/v2\/users\/1"}],"replies":[{"embeddable":true,"href":"https:\/\/mikroislemciler.com\/index.php?rest_route=%2Fwp%2Fv2%2Fcomments&post=609"}],"version-history":[{"count":9,"href":"https:\/\/mikroislemciler.com\/index.php?rest_route=\/wp\/v2\/pages\/609\/revisions"}],"predecessor-version":[{"id":779,"href":"https:\/\/mikroislemciler.com\/index.php?rest_route=\/wp\/v2\/pages\/609\/revisions\/779"}],"up":[{"embeddable":true,"href":"https:\/\/mikroislemciler.com\/index.php?rest_route=\/wp\/v2\/pages\/574"}],"wp:attachment":[{"href":"https:\/\/mikroislemciler.com\/index.php?rest_route=%2Fwp%2Fv2%2Fmedia&parent=609"}],"curies":[{"name":"wp","href":"https:\/\/api.w.org\/{rel}","templated":true}]}}