{"id":627,"date":"2020-12-28T09:17:15","date_gmt":"2020-12-28T06:17:15","guid":{"rendered":"http:\/\/mikroislemciler.com\/?page_id=627"},"modified":"2020-12-28T09:17:15","modified_gmt":"2020-12-28T06:17:15","slug":"dsp-examples","status":"publish","type":"page","link":"https:\/\/mikroislemciler.com\/?page_id=627","title":{"rendered":"DSP EXAMPLES"},"content":{"rendered":"<p><a href=\"https:\/\/drive.google.com\/drive\/folders\/1C9Ycs_-ryqWBmHoDFUOipaSDsCbwjPcG?usp=sharing\">athollic true studio da \u00e7al\u0131\u015fan \u00f6rnek<\/a><\/p>\n<p><a href=\"https:\/\/drive.google.com\/drive\/folders\/1uNj1FL4201NiULW5QH-RtrRmblf0lHr_?usp=sharing\">IAR da lib osyas\u0131n\u0131 kullanarak \u00e7al\u0131\u015fan \u00f6rnek<\/a><\/p>\n<p>IAR \u0131n lisans\u0131n\u0131 almak i\u00e7in \u00fcye olurken Code Size Limited k\u0131sm\u0131n\u0131 i\u015faretlemeyi unutmay\u0131n yoksa bir ay sonra art\u0131k elinizdeki PC de IAR ile \u00e7al\u0131\u015famazs\u0131n\u0131z.<\/p>\n","protected":false},"excerpt":{"rendered":"<p>athollic true studio da \u00e7al\u0131\u015fan \u00f6rnek IAR da lib osyas\u0131n\u0131 kullanarak \u00e7al\u0131\u015fan \u00f6rnek IAR \u0131n lisans\u0131n\u0131 almak i\u00e7in \u00fcye olurken Code Size Limited k\u0131sm\u0131n\u0131 i\u015faretlemeyi unutmay\u0131n yoksa bir ay sonra art\u0131k elinizdeki PC de IAR ile \u00e7al\u0131\u015famazs\u0131n\u0131z.<\/p>\n","protected":false},"author":1,"featured_media":0,"parent":0,"menu_order":0,"comment_status":"closed","ping_status":"closed","template":"","meta":{"footnotes":""},"class_list":["post-627","page","type-page","status-publish","hentry"],"_links":{"self":[{"href":"https:\/\/mikroislemciler.com\/index.php?rest_route=\/wp\/v2\/pages\/627","targetHints":{"allow":["GET"]}}],"collection":[{"href":"https:\/\/mikroislemciler.com\/index.php?rest_route=\/wp\/v2\/pages"}],"about":[{"href":"https:\/\/mikroislemciler.com\/index.php?rest_route=\/wp\/v2\/types\/page"}],"author":[{"embeddable":true,"href":"https:\/\/mikroislemciler.com\/index.php?rest_route=\/wp\/v2\/users\/1"}],"replies":[{"embeddable":true,"href":"https:\/\/mikroislemciler.com\/index.php?rest_route=%2Fwp%2Fv2%2Fcomments&post=627"}],"version-history":[{"count":1,"href":"https:\/\/mikroislemciler.com\/index.php?rest_route=\/wp\/v2\/pages\/627\/revisions"}],"predecessor-version":[{"id":628,"href":"https:\/\/mikroislemciler.com\/index.php?rest_route=\/wp\/v2\/pages\/627\/revisions\/628"}],"wp:attachment":[{"href":"https:\/\/mikroislemciler.com\/index.php?rest_route=%2Fwp%2Fv2%2Fmedia&parent=627"}],"curies":[{"name":"wp","href":"https:\/\/api.w.org\/{rel}","templated":true}]}}