{"id":631,"date":"2021-01-09T09:51:55","date_gmt":"2021-01-09T06:51:55","guid":{"rendered":"http:\/\/mikroislemciler.com\/?page_id=631"},"modified":"2021-01-09T11:39:45","modified_gmt":"2021-01-09T08:39:45","slug":"deney-2","status":"publish","type":"page","link":"https:\/\/mikroislemciler.com\/?page_id=631","title":{"rendered":"Deney 2"},"content":{"rendered":"<p>Ad\u0131mar<\/p>\n<ol>\n<li>Github dan<a href=\"https:\/\/github.com\/gnuradio\/gr-tutorial\"> g-tutorial zip<\/a> dosyas\u0131n\u0131 makinan\u0131za indiriniz.<\/li>\n<li>PC nizde kolay eri\u015febilece\u011finiz bir yerde bu dosyay\u0131 a\u00e7\u0131n\u0131z. UNIX yada LINUX kullan\u0131c\u0131lar bu dosyay\u0131 clonlamalar\u0131 gerekir.<\/li>\n<li><a href=\"https:\/\/wiki.gnuradio.org\/index.php\/Guided_Tutorial_PSK_Demodulation\">Guided_Tutorial_PSK_Demodulation<\/a> sayfas\u0131n\u0131 a\u00e7\u0131n\u0131z. Bu sayfadaki uygulamalar, makinan\u0131zdaki C:\\&#8230;&#8230;&#8230;&#8230;\\gr-tutorial-master\\examples\\tutorial7 dosyas\u0131 i\u00e7indedir.<\/li>\n<li>Bu deneyde tutorial7 dosyas\u0131 i\u00e7indeki t\u00fcm grc dosyalar\u0131n\u0131n bozuk olarak gelen bile\u015fenleri d\u00fczenlenecektir.<\/li>\n<\/ol>\n<p>4.1. Her bir grc dosyas\u0131n\u0131 GNU Radio Companion da a\u00e7\u0131n\u0131z bozuk olan yerle\u015fim diyagramlar\u0131n\u0131 ilgili sayfadaki g\u00f6r\u00fcnt\u00fc gibi d\u00fczenleyiniz ve yeni bir adla kaydediniz (mpsk_stage2_kaya.grc gibi)<\/p>\n<p>4.2. Yukar\u0131da g\u00f6r\u00fcn\u00fc\u015f\u00fcn\u00fc d\u00fczenledi\u011finiz grc dosyas\u0131n\u0131 \u00e7al\u0131\u015ft\u0131r\u0131n\u0131z. g\u00f6r\u00fcnt\u00fcn\u00fcnilgili sayfadaki g\u00f6r\u00fcnt\u00fc gibi olmas\u0131 beklenir, ancak de\u011fildir. GUI d\u00fczenlemesi yaparak benzer g\u00f6r\u00fcnt\u00fcy\u00fc elde ediniz.<\/p>\n<p>a. GUI d\u00fczenlemesinde her bir blogu t\u0131klayarak bu blo\u011fun \u00f6zelliklerinden GUI HINTS k\u0131sm\u0131n\u0131n do\u011fru olarak setlenmesi gerekir.<\/p>\n<p>Blok \u00f6zelliklerinde GUI HINTS de girilmesi gereken blo\u011fun GUI \u00e7\u0131kt\u0131s\u0131 yeri olarak sat\u0131r numaras\u0131, sutun numaras\u0131,sat\u0131r da i\u015fgal edece\u011fi sat\u0131r say\u0131s\u0131, kolonda i\u015fgal edece\u011fi kolon say\u0131s\u0131 0,0,1,2 gibi girilmelidir(0. sat\u0131r, 0. kolon, 1 sat\u0131r 2 kolon ).<\/p>\n<p>E\u011fer QT GUI TAB WIDGET kullan\u0131lacaksa bu grafiklerin se\u00e7ilmesini sa\u011flar. mpsk_stage4.grc dosyas\u0131 incelenirse, burada QT GUI TAB WIDGET in nelerle setlendi\u011fi, ve burada belirlenen controls ve receiver se\u00e7eneklerinin nas\u0131l olu\u015fturuldu\u011fu ve controls i\u00e7inde GUI HINTS de (controls@0,0,1,2 gibi ait oldu\u011fu se\u00e7enekte setleme g\u00f6z\u00fckmektedir) ayarlamalar yap\u0131lmal\u0131d\u0131r.<\/p>\n<p>5. mpsk_stage4.grc deki mod\u00fclsayon tipini 8 pska ya ge\u00e7iriniz.<\/p>\n<p>Bunun i\u00e7in Constellation Rec. Object tteki constellation points [1, 0.707+0.707j, 0+1j, -0.707+0.707j, -1, -0.707-0.707j, -1j, 0.707-0.707j] \u015feklinde d\u00fczenlenmeli, symbol maps [0, 1, 2, 3,4,5,6,7] \u015feklinde ve rotational symmetri 8 yap\u0131lmal\u0131d\u0131r.<\/p>\n<p>6. her bir blo\u00fcun ve \u00e7\u0131kt\u0131s\u0131n\u0131n ekran g\u00f6r\u00fcnt\u00fcs\u00fc raporlanacak, \u00e7al\u0131\u015fmas\u0131na ili\u015fkin de\u011ferlendirme raporda yaz\u0131lacakt\u0131r.<\/p>\n","protected":false},"excerpt":{"rendered":"<p>Ad\u0131mar Github dan g-tutorial zip dosyas\u0131n\u0131 makinan\u0131za indiriniz. PC nizde kolay eri\u015febilece\u011finiz bir yerde bu dosyay\u0131 a\u00e7\u0131n\u0131z. UNIX yada LINUX kullan\u0131c\u0131lar bu dosyay\u0131 clonlamalar\u0131 gerekir. Guided_Tutorial_PSK_Demodulation sayfas\u0131n\u0131 a\u00e7\u0131n\u0131z. Bu sayfadaki uygulamalar, makinan\u0131zdaki C:\\&#8230;&#8230;&#8230;&#8230;\\gr-tutorial-master\\examples\\tutorial7 dosyas\u0131 i\u00e7indedir. Bu deneyde tutorial7 dosyas\u0131 i\u00e7indeki t\u00fcm grc dosyalar\u0131n\u0131n bozuk olarak gelen bile\u015fenleri d\u00fczenlenecektir. 4.1. Her bir grc dosyas\u0131n\u0131 GNU Radio [&hellip;]<\/p>\n","protected":false},"author":1,"featured_media":0,"parent":574,"menu_order":0,"comment_status":"closed","ping_status":"closed","template":"","meta":{"footnotes":""},"class_list":["post-631","page","type-page","status-publish","hentry"],"_links":{"self":[{"href":"https:\/\/mikroislemciler.com\/index.php?rest_route=\/wp\/v2\/pages\/631","targetHints":{"allow":["GET"]}}],"collection":[{"href":"https:\/\/mikroislemciler.com\/index.php?rest_route=\/wp\/v2\/pages"}],"about":[{"href":"https:\/\/mikroislemciler.com\/index.php?rest_route=\/wp\/v2\/types\/page"}],"author":[{"embeddable":true,"href":"https:\/\/mikroislemciler.com\/index.php?rest_route=\/wp\/v2\/users\/1"}],"replies":[{"embeddable":true,"href":"https:\/\/mikroislemciler.com\/index.php?rest_route=%2Fwp%2Fv2%2Fcomments&post=631"}],"version-history":[{"count":7,"href":"https:\/\/mikroislemciler.com\/index.php?rest_route=\/wp\/v2\/pages\/631\/revisions"}],"predecessor-version":[{"id":640,"href":"https:\/\/mikroislemciler.com\/index.php?rest_route=\/wp\/v2\/pages\/631\/revisions\/640"}],"up":[{"embeddable":true,"href":"https:\/\/mikroislemciler.com\/index.php?rest_route=\/wp\/v2\/pages\/574"}],"wp:attachment":[{"href":"https:\/\/mikroislemciler.com\/index.php?rest_route=%2Fwp%2Fv2%2Fmedia&parent=631"}],"curies":[{"name":"wp","href":"https:\/\/api.w.org\/{rel}","templated":true}]}}