{"id":644,"date":"2021-01-09T12:02:14","date_gmt":"2021-01-09T09:02:14","guid":{"rendered":"http:\/\/mikroislemciler.com\/?page_id=644"},"modified":"2021-01-09T12:02:14","modified_gmt":"2021-01-09T09:02:14","slug":"deney-3","status":"publish","type":"page","link":"https:\/\/mikroislemciler.com\/?page_id=644","title":{"rendered":"Deney 3"},"content":{"rendered":"<ol>\n<li>Bu deneyde alt program yaz\u0131lacakt\u0131r.\u00a0 Belelkte 0200h ile 0230h aras\u0131ndaki bir A dizisini 0240h ile 0270h aras\u0131ndak B dizisine dolayl\u0131(indirect ) adreslemeyi kullanarak kopyalayan bir tasi alt pro\u011fram\u0131n\u0131 yaz\u0131n\u0131z.<\/li>\n<li>Yukar\u0131da kopyalad\u0131\u011f\u0131n\u0131z B dizisinin her bir eleman\u0131na 01111h say\u0131s\u0131n\u0131 toplayan bir topla alt pro\u011fram\u0131 yaz\u0131n\u0131z.<\/li>\n<li>Yukar\u0131daki A dizisinin elemanlar\u0131ndan en b\u00fcy\u00fck olan\u0131n\u0131 ve bu en b\u00fcy\u00fck eleman\u0131n yerini bulan (en b\u00fcy\u00fck say\u0131y\u0131 R5 de ve bu say\u0131n\u0131n yerini R6 da olacak \u015fekilde ana pro\u011frama d\u00f6nen) bir alt pro\u011fram yaz\u0131n\u0131z.<\/li>\n<\/ol>\n<p>Yap\u0131lacak i\u015fler:<\/p>\n<p>Raporunuzda sadece alt pro\u011fram\u0131, alt pro\u011fram\u0131n \u00e7al\u0131\u015fmas\u0131 i\u00e7in gerekli ad\u0131m say\u0131s\u0131n\u0131 ve bellek lerin g\u00f6r\u00fcnt\u00fcs\u00fcn\u00fc (screen shot dan kopyalanm\u0131\u015f ve k\u0131rp\u0131larak d\u00fczenlenmi\u015f) raporunuzda yaz\u0131n\u0131z.<\/p>\n","protected":false},"excerpt":{"rendered":"<p>Bu deneyde alt program yaz\u0131lacakt\u0131r.\u00a0 Belelkte 0200h ile 0230h aras\u0131ndaki bir A dizisini 0240h ile 0270h aras\u0131ndak B dizisine dolayl\u0131(indirect ) adreslemeyi kullanarak kopyalayan bir tasi alt pro\u011fram\u0131n\u0131 yaz\u0131n\u0131z. Yukar\u0131da kopyalad\u0131\u011f\u0131n\u0131z B dizisinin her bir eleman\u0131na 01111h say\u0131s\u0131n\u0131 toplayan bir topla alt pro\u011fram\u0131 yaz\u0131n\u0131z. Yukar\u0131daki A dizisinin elemanlar\u0131ndan en b\u00fcy\u00fck olan\u0131n\u0131 ve bu en b\u00fcy\u00fck [&hellip;]<\/p>\n","protected":false},"author":1,"featured_media":0,"parent":574,"menu_order":0,"comment_status":"closed","ping_status":"closed","template":"","meta":{"footnotes":""},"class_list":["post-644","page","type-page","status-publish","hentry"],"_links":{"self":[{"href":"https:\/\/mikroislemciler.com\/index.php?rest_route=\/wp\/v2\/pages\/644","targetHints":{"allow":["GET"]}}],"collection":[{"href":"https:\/\/mikroislemciler.com\/index.php?rest_route=\/wp\/v2\/pages"}],"about":[{"href":"https:\/\/mikroislemciler.com\/index.php?rest_route=\/wp\/v2\/types\/page"}],"author":[{"embeddable":true,"href":"https:\/\/mikroislemciler.com\/index.php?rest_route=\/wp\/v2\/users\/1"}],"replies":[{"embeddable":true,"href":"https:\/\/mikroislemciler.com\/index.php?rest_route=%2Fwp%2Fv2%2Fcomments&post=644"}],"version-history":[{"count":1,"href":"https:\/\/mikroislemciler.com\/index.php?rest_route=\/wp\/v2\/pages\/644\/revisions"}],"predecessor-version":[{"id":645,"href":"https:\/\/mikroislemciler.com\/index.php?rest_route=\/wp\/v2\/pages\/644\/revisions\/645"}],"up":[{"embeddable":true,"href":"https:\/\/mikroislemciler.com\/index.php?rest_route=\/wp\/v2\/pages\/574"}],"wp:attachment":[{"href":"https:\/\/mikroislemciler.com\/index.php?rest_route=%2Fwp%2Fv2%2Fmedia&parent=644"}],"curies":[{"name":"wp","href":"https:\/\/api.w.org\/{rel}","templated":true}]}}